{"id":269,"date":"2012-08-09T09:34:42","date_gmt":"2012-08-09T07:34:42","guid":{"rendered":"http:\/\/ctyridny.cz\/?page_id=269"},"modified":"2025-04-09T13:36:14","modified_gmt":"2025-04-09T11:36:14","slug":"about-four-days","status":"publish","type":"page","link":"https:\/\/2024.ctyridny.cz\/en\/about-four-days\/","title":{"rendered":"About Four Days"},"content":{"rendered":"<p>Four Days is the non-profit, non-governmental association which since 1996 has organized the international theatre festival\u00a0<strong>4+4 Days in Motion<\/strong>\u00a0(4+4 dny v pohybu) and has also arranged number of\u00a0<strong>unique international projects and cultural exchanges<\/strong>.<\/p>\n<p>Four Days has organized 17 international theatre festivals, workshops with lectors from European countries, international site specific projects, co-production projects with other European organisations, seminars, membership in international associations and organisations, and consultation activities in the field of cultural management. The dramaturgy of which explores both the artist of dance and movement theatre and the artist of visual and kinetic art.<\/p>\n<p>Since its inception,\u00a0<strong>Four Days<\/strong>\u00a0has numbered four people: producers\u00a0<strong>Denisa Vaclavova, Marketa Cerna<\/strong>, production manager\u00a0<strong>Nikola B\u00f6hmova<\/strong>\u00a0and dramaturg\u00a0<strong>Pavel Storek<\/strong>.<\/p>\n<p>&nbsp;<\/p>\n<h3>FESTIVAL &amp; NON-TRADITIONAL SPACES<\/h3>\n<p>In 1998, Four Days worked closely with the mamapapa organization to effectively transplant the festival from traditional theatrical institutions and halls to the unconventional space of a century-old sewage treatment plant In Bubene\u010d. The following year, this same festival was held in the abandoned factory space of CKD Karl\u00edn. In 2000 the festival took place in the former brewery in Hole\u0161ovice and the sixth year of the festival in 2001 was held in Tyr\u0161\u016fv House and the Nosticova Hall. The 7th festival was held in Ponec Theatre, the eights took place in the area of former brickwork in Sarecke Valley and for 9th annual we chose a romantic area of public park Stromovka &#8211; surrounding area of \u0160lechtova Restaurant. The 10th annual theatre festival took place in the spaces of Prague ZOO and at the hockey stadium HC Hvezda in Vokovice. In 2006 became the heart of the festival the house in the centre of Prague (former dental clinic) in Jungmannova 21 and international companies were presented in theatres Alfred ve dvore (Alfred in the Couryard) and Ponec Theatre. Next year we cooperated with famous Dutch group Theatre SILO. Together with Czech artists they tailored the space of the Agricultural Museum in Prague to ask the audience and passers by the crucial questions of cultivation \u2013 the site-specific project named KULTIVAR. Jednotka\/Unit built up amazing bar at the Letn\u00e1 park and theatre performances took place in theatres Archa and Ponec. The 13th edition of the festival took place at the industrial halls in Holesovice and last year the festival took place in the building of the former Federal Assembly.<\/p>\n<p>This use of un-traditional festival spaces met with highly positive acclaim from the participants, professional critics and a wide audience alike.<\/p>\n<h4>IN THE PAST THE FESTIVAL WAS REALIZED AT THE FOLLOWING LOCATIONS:<\/h4>\n<p>&nbsp;<\/p>\n<table border=\"0\">\n<tbody>\n<tr>\n<td>2012<\/td>\n<td>former casino building on Prague\u2019s Pa\u0159\u00ed\u017esk\u00e1 street 25, P-1<\/td>\n<\/tr>\n<tr>\n<td>2011<\/td>\n<td>former Institute of Folk Art Production (\u00daLUV)<\/td>\n<\/tr>\n<tr>\n<td>2010<\/td>\n<td>former Institute of Folk Art Production (\u00daLUV)<\/td>\n<\/tr>\n<tr>\n<td>2009<\/td>\n<td>building of the former Federal Assembly of Czechoslovakia, Prague 1<\/td>\n<\/tr>\n<tr>\n<td>2008<\/td>\n<td>industrial halls in Holesovice, Prague 7<\/td>\n<\/tr>\n<tr>\n<td>2007<\/td>\n<td>National Museum of Agriculture, Prague 7<\/td>\n<\/tr>\n<tr>\n<td>2006<\/td>\n<td>former dental clinic in Jungmannova str., Prague 1<\/td>\n<\/tr>\n<tr>\n<td>2005<\/td>\n<td>ZOO in Troja, Prague 7 + ice hockey stadium, Prague 6<\/td>\n<\/tr>\n<tr>\n<td>2004<\/td>\n<td>surroundings of Slechtova Restaurant, Prague 7 \u2013 Stromovka<\/td>\n<\/tr>\n<tr>\n<td>2003<\/td>\n<td>former brickwork in Sarecke Valley, Prague 6<\/td>\n<\/tr>\n<tr>\n<td>2001<\/td>\n<td>gyms and spaces of the Tyr\u0161\u00b4s House, Prague 1 \u2013 Small Town<\/td>\n<\/tr>\n<tr>\n<td>2000<\/td>\n<td>former brewery, Prague 7 \u2013 Holesovice<\/td>\n<\/tr>\n<tr>\n<td>1999<\/td>\n<td>abandoned factory halls in CKD, Prague 8 \u2013 Karlin<\/td>\n<\/tr>\n<tr>\n<td>1998<\/td>\n<td>old sewage treatment plant, Prague 6 \u2013 Bubenec<\/td>\n<\/tr>\n<\/tbody>\n<\/table>\n<p>&nbsp;<\/p>\n<p><a title=\"Archive\" href=\"http:\/\/ctyridny.cz\/2011\/pages-main\/archiv-en.htm\" target=\"_blank\" rel=\"noopener noreferrer\">archive<\/a>\u00a0\/\u00a0<a title=\"photogallery\" href=\"http:\/\/ctyridny.cz\/2011\/pages-main\/fotogalerie-en.htmhttp:\/\/\" target=\"_blank\" rel=\"noopener noreferrer\">photogallery<\/a><\/p>\n<p>&nbsp;<\/p>\n<h3>FOUR DAYS &amp; FESTIVAL<\/h3>\n<p>The main task of the association is an organisation of international theatre festival Four + Four Days in Motion. Since 1996 the festival&#8217;s aim is to present contemporary inovative theatre projects, every year the festival presents ca twenty groups from all over the world. The particularity of the festival is to enliven objects of the Prague architecture by theatre and presentation of international projects co-produced by Four Days.<\/p>\n<p>Projects of the festival include all genres of contemporary art (theatre, dance, music, visual art, film, video art). Every year of the festival has its specific theme &#8211; leitmotif, for example Demolition (abandoned halls of CKD, where the festival took place were prepared to demolishon), Hibernation (freezing of cultural activities in the Czech Republic, extinction of residential spaces, etc) The effect of connecting the individual genres of art in the dramaturgy of the festival is also the connection of visitors of theatre performances with the vistiors of concert, galleries and fans of dance music.<\/p>\n<p>Thus festival 4+4 Days in Motion is in the Czech context an unique event. The natural part of the festival create seminars and workshops, which often become the basis for the next cooperation between artists, managers, and theatre professionals from different countries.<\/p>\n<p>&nbsp;<\/p>\n<h3>FOUR DAYS ASSOCIATION<\/h3>\n<p>c\/o Theatre Institute Prague<br \/>\nCeletna 17, CZ &#8211; 110 00 Prague 1,<br \/>\nCzech Republic<\/p>\n<p>Phone\/fax: + 420 224 809 125<br \/>\nPhone: + 420 224 809 116<\/p>\n<p>E-mail:\u00a0<a href=\"javascript:DeCryptX('3i2q0u1s1e3d2{2u0@2v2j1f3d1u3u1f202e1{')\">fourday&#115;&#64;&#116;h&#101;a&#116;re&#46;&#99;z<\/a><br \/>\n<a title=\"Four Days Association\" href=\"http:\/\/ctyridny.cz\">http:\/\/ctyridny.cz<\/a><\/p>\n<p>&nbsp;<\/p>\n","protected":false},"excerpt":{"rendered":"<p>Four Days is the non-profit, non-governmental association which since 1996 has organized the international theatre festival\u00a04+4 Days in Motion\u00a0(4+4 dny v pohybu) and has also arranged number of\u00a0unique international projects and cultural exchanges. Four Days has organized 17 international theatre festivals, workshops with lectors from European countries, international site specific projects, co-production projects with other [&hellip;]<\/p>\n","protected":false},"author":11,"featured_media":0,"parent":0,"menu_order":5,"comment_status":"closed","ping_status":"closed","template":"","meta":{"_acf_changed":false,"footnotes":""},"class_list":["post-269","page","type-page","status-publish","hentry"],"acf":[],"_links":{"self":[{"href":"https:\/\/2024.ctyridny.cz\/en\/wp-json\/wp\/v2\/pages\/269","targetHints":{"allow":["GET"]}}],"collection":[{"href":"https:\/\/2024.ctyridny.cz\/en\/wp-json\/wp\/v2\/pages"}],"about":[{"href":"https:\/\/2024.ctyridny.cz\/en\/wp-json\/wp\/v2\/types\/page"}],"author":[{"embeddable":true,"href":"https:\/\/2024.ctyridny.cz\/en\/wp-json\/wp\/v2\/users\/11"}],"replies":[{"embeddable":true,"href":"https:\/\/2024.ctyridny.cz\/en\/wp-json\/wp\/v2\/comments?post=269"}],"version-history":[{"count":2,"href":"https:\/\/2024.ctyridny.cz\/en\/wp-json\/wp\/v2\/pages\/269\/revisions"}],"predecessor-version":[{"id":16670,"href":"https:\/\/2024.ctyridny.cz\/en\/wp-json\/wp\/v2\/pages\/269\/revisions\/16670"}],"wp:attachment":[{"href":"https:\/\/2024.ctyridny.cz\/en\/wp-json\/wp\/v2\/media?parent=269"}],"curies":[{"name":"wp","href":"https:\/\/api.w.org\/{rel}","templated":true}]}}